{"id":566,"date":"2024-12-18T07:49:05","date_gmt":"2024-12-18T07:49:05","guid":{"rendered":"https:\/\/solutions.salvadorextremiana.com\/?page_id=566"},"modified":"2024-12-18T07:50:31","modified_gmt":"2024-12-18T07:50:31","slug":"accesibilidad","status":"publish","type":"page","link":"https:\/\/solutions.salvadorextremiana.com\/en\/accesibilidad\/","title":{"rendered":"Accessibility\u200b"},"content":{"rendered":"<div data-elementor-type=\"wp-page\" data-elementor-id=\"566\" class=\"elementor elementor-566\" data-elementor-post-type=\"page\">\n\t\t\t\t<div class=\"elementor-element elementor-element-5bd09bfa e-flex e-con-boxed e-con e-parent\" data-id=\"5bd09bfa\" data-element_type=\"container\" data-settings=\"{&quot;background_background&quot;:&quot;gradient&quot;}\">\n\t\t\t\t\t<div class=\"e-con-inner\">\n\t\t\t\t<div class=\"elementor-element elementor-element-51ae9e10 elementor-widget elementor-widget-heading\" data-id=\"51ae9e10\" data-element_type=\"widget\" data-widget_type=\"heading.default\">\n\t\t\t\t<div class=\"elementor-widget-container\">\n\t\t\t\t\t<h1 class=\"elementor-heading-title elementor-size-default\">Declaraci\u00f3n de Accesibilidad<\/h1>\t\t\t\t<\/div>\n\t\t\t\t<\/div>\n\t\t\t\t\t<\/div>\n\t\t\t\t<\/div>\n\t\t<div class=\"elementor-element elementor-element-652a644e e-flex e-con-boxed e-con e-parent\" data-id=\"652a644e\" data-element_type=\"container\">\n\t\t\t\t\t<div class=\"e-con-inner\">\n\t\t\t\t<div class=\"elementor-element elementor-element-147849c6 elementor-widget elementor-widget-text-editor\" data-id=\"147849c6\" data-element_type=\"widget\" data-widget_type=\"text-editor.default\">\n\t\t\t\t<div class=\"elementor-widget-container\">\n\t\t\t\t\t\t\t\t\t<p>Como empresa comprometida con la accesibilidad web, nos esforzamos por garantizar que nuestro sitio web sea accesible para todas las personas, incluyendo aquellas con discapacidades. Sabemos que la accesibilidad web es fundamental para garantizar que todas las personas tengan igualdad de oportunidades en la utilizaci\u00f3n de la tecnolog\u00eda y en la participaci\u00f3n en la sociedad en l\u00ednea.<\/p><p>Para lograr este objetivo, hemos trabajado arduamente para cumplir con las pautas de accesibilidad web establecidas por el Consorcio World Wide Web (W3C), incluyendo las Directrices de Accesibilidad para el Contenido Web (WCAG) 2.1 de nivel AA. Hemos implementado las pr\u00e1cticas recomendadas para hacer que nuestro sitio web sea f\u00e1cilmente accesible para personas con discapacidades visuales, auditivas, cognitivas y f\u00edsicas.<\/p><p>Entre las medidas que hemos adoptado se incluyen el uso de etiquetas apropiadas en nuestro c\u00f3digo HTML para proporcionar descripciones de im\u00e1genes y enlaces, el uso de colores de alto contraste para mejorar la legibilidad, la disponibilidad de alternativas de audio para contenido de v\u00eddeo y la garant\u00eda de que nuestro sitio web sea totalmente navegable mediante el teclado.<\/p><p>Nos comprometemos a seguir mejorando nuestro sitio web para garantizar que sea accesible para todos los usuarios, independientemente de sus discapacidades. Agradecemos cualquier retroalimentaci\u00f3n que nuestros usuarios puedan proporcionar sobre la accesibilidad de nuestro sitio web, ya que esto nos ayudar\u00e1 a continuar mejorando su accesibilidad en el futuro.<\/p>\t\t\t\t\t\t\t\t<\/div>\n\t\t\t\t<\/div>\n\t\t\t\t\t<\/div>\n\t\t\t\t<\/div>\n\t\t\t\t<\/div>","protected":false},"excerpt":{"rendered":"<p>Declaraci\u00f3n de Accesibilidad Como empresa comprometida con la accesibilidad web, nos esforzamos por garantizar que nuestro sitio web sea accesible [&hellip;]<\/p>","protected":false},"author":1,"featured_media":0,"parent":0,"menu_order":0,"comment_status":"closed","ping_status":"closed","template":"","meta":{"_uag_custom_page_level_css":"","site-sidebar-layout":"no-sidebar","site-content-layout":"","ast-site-content-layout":"full-width-container","site-content-style":"default","site-sidebar-style":"default","ast-global-header-display":"","ast-banner-title-visibility":"","ast-main-header-display":"","ast-hfb-above-header-display":"","ast-hfb-below-header-display":"","ast-hfb-mobile-header-display":"","site-post-title":"disabled","ast-breadcrumbs-content":"","ast-featured-img":"disabled","footer-sml-layout":"","theme-transparent-header-meta":"enabled","adv-header-id-meta":"","stick-header-meta":"","header-above-stick-meta":"","header-main-stick-meta":"","header-below-stick-meta":"","astra-migrate-meta-layouts":"default","ast-page-background-enabled":"default","ast-page-background-meta":{"desktop":{"background-color":"var(--ast-global-color-4)","background-image":"","background-repeat":"repeat","background-position":"center center","background-size":"auto","background-attachment":"scroll","background-type":"","background-media":"","overlay-type":"","overlay-color":"","overlay-opacity":"","overlay-gradient":""},"tablet":{"background-color":"","background-image":"","background-repeat":"repeat","background-position":"center center","background-size":"auto","background-attachment":"scroll","background-type":"","background-media":"","overlay-type":"","overlay-color":"","overlay-opacity":"","overlay-gradient":""},"mobile":{"background-color":"","background-image":"","background-repeat":"repeat","background-position":"center center","background-size":"auto","background-attachment":"scroll","background-type":"","background-media":"","overlay-type":"","overlay-color":"","overlay-opacity":"","overlay-gradient":""}},"ast-content-background-meta":{"desktop":{"background-color":"var(--ast-global-color-5)","background-image":"","background-repeat":"repeat","background-position":"center center","background-size":"auto","background-attachment":"scroll","background-type":"","background-media":"","overlay-type":"","overlay-color":"","overlay-opacity":"","overlay-gradient":""},"tablet":{"background-color":"var(--ast-global-color-5)","background-image":"","background-repeat":"repeat","background-position":"center center","background-size":"auto","background-attachment":"scroll","background-type":"","background-media":"","overlay-type":"","overlay-color":"","overlay-opacity":"","overlay-gradient":""},"mobile":{"background-color":"var(--ast-global-color-5)","background-image":"","background-repeat":"repeat","background-position":"center center","background-size":"auto","background-attachment":"scroll","background-type":"","background-media":"","overlay-type":"","overlay-color":"","overlay-opacity":"","overlay-gradient":""}},"footnotes":""},"class_list":["post-566","page","type-page","status-publish","hentry"],"yoast_head":"<!-- This site is optimized with the Yoast SEO plugin v24.6 - https:\/\/yoast.com\/wordpress\/plugins\/seo\/ -->\n<title>Accesibilidad - Salex solutions<\/title>\n<meta name=\"robots\" content=\"index, follow, max-snippet:-1, max-image-preview:large, max-video-preview:-1\" \/>\n<link rel=\"canonical\" href=\"https:\/\/solutions.salvadorextremiana.com\/en\/accesibilidad\/\" \/>\n<meta property=\"og:locale\" content=\"en_GB\" \/>\n<meta property=\"og:type\" content=\"article\" \/>\n<meta property=\"og:title\" content=\"Accesibilidad - Salex solutions\" \/>\n<meta property=\"og:description\" content=\"Declaraci\u00f3n de Accesibilidad Como empresa comprometida con la accesibilidad web, nos esforzamos por garantizar que nuestro sitio web sea accesible [&hellip;]\" \/>\n<meta property=\"og:url\" content=\"https:\/\/solutions.salvadorextremiana.com\/en\/accesibilidad\/\" \/>\n<meta property=\"og:site_name\" content=\"Salex solutions\" \/>\n<meta property=\"article:modified_time\" content=\"2024-12-18T07:50:31+00:00\" \/>\n<meta name=\"twitter:card\" content=\"summary_large_image\" \/>\n<meta name=\"twitter:label1\" content=\"Estimated reading time\" \/>\n\t<meta name=\"twitter:data1\" content=\"1 minute\" \/>\n<script type=\"application\/ld+json\" class=\"yoast-schema-graph\">{\"@context\":\"https:\/\/schema.org\",\"@graph\":[{\"@type\":\"WebPage\",\"@id\":\"https:\/\/solutions.salvadorextremiana.com\/accesibilidad\/\",\"url\":\"https:\/\/solutions.salvadorextremiana.com\/accesibilidad\/\",\"name\":\"Accesibilidad - Salex solutions\",\"isPartOf\":{\"@id\":\"https:\/\/solutions.salvadorextremiana.com\/#website\"},\"datePublished\":\"2024-12-18T07:49:05+00:00\",\"dateModified\":\"2024-12-18T07:50:31+00:00\",\"breadcrumb\":{\"@id\":\"https:\/\/solutions.salvadorextremiana.com\/accesibilidad\/#breadcrumb\"},\"inLanguage\":\"en-GB\",\"potentialAction\":[{\"@type\":\"ReadAction\",\"target\":[\"https:\/\/solutions.salvadorextremiana.com\/accesibilidad\/\"]}]},{\"@type\":\"BreadcrumbList\",\"@id\":\"https:\/\/solutions.salvadorextremiana.com\/accesibilidad\/#breadcrumb\",\"itemListElement\":[{\"@type\":\"ListItem\",\"position\":1,\"name\":\"Portada\",\"item\":\"https:\/\/solutions.salvadorextremiana.com\/\"},{\"@type\":\"ListItem\",\"position\":2,\"name\":\"Accesibilidad\"}]},{\"@type\":\"WebSite\",\"@id\":\"https:\/\/solutions.salvadorextremiana.com\/#website\",\"url\":\"https:\/\/solutions.salvadorextremiana.com\/\",\"name\":\"Salex solutions\",\"description\":\"\",\"publisher\":{\"@id\":\"https:\/\/solutions.salvadorextremiana.com\/#organization\"},\"potentialAction\":[{\"@type\":\"SearchAction\",\"target\":{\"@type\":\"EntryPoint\",\"urlTemplate\":\"https:\/\/solutions.salvadorextremiana.com\/?s={search_term_string}\"},\"query-input\":{\"@type\":\"PropertyValueSpecification\",\"valueRequired\":true,\"valueName\":\"search_term_string\"}}],\"inLanguage\":\"en-GB\"},{\"@type\":\"Organization\",\"@id\":\"https:\/\/solutions.salvadorextremiana.com\/#organization\",\"name\":\"Salex solutions\",\"url\":\"https:\/\/solutions.salvadorextremiana.com\/\",\"logo\":{\"@type\":\"ImageObject\",\"inLanguage\":\"en-GB\",\"@id\":\"https:\/\/solutions.salvadorextremiana.com\/#\/schema\/logo\/image\/\",\"url\":\"https:\/\/solutions.salvadorextremiana.com\/wp-content\/uploads\/2024\/12\/cropped-logo-blanco.png\",\"contentUrl\":\"https:\/\/solutions.salvadorextremiana.com\/wp-content\/uploads\/2024\/12\/cropped-logo-blanco.png\",\"width\":241,\"height\":169,\"caption\":\"Salex solutions\"},\"image\":{\"@id\":\"https:\/\/solutions.salvadorextremiana.com\/#\/schema\/logo\/image\/\"}}]}<\/script>\n<!-- \/ Yoast SEO plugin. -->","yoast_head_json":{"title":"Accesibilidad - Salex solutions","robots":{"index":"index","follow":"follow","max-snippet":"max-snippet:-1","max-image-preview":"max-image-preview:large","max-video-preview":"max-video-preview:-1"},"canonical":"https:\/\/solutions.salvadorextremiana.com\/en\/accesibilidad\/","og_locale":"en_GB","og_type":"article","og_title":"Accesibilidad - Salex solutions","og_description":"Declaraci\u00f3n de Accesibilidad Como empresa comprometida con la accesibilidad web, nos esforzamos por garantizar que nuestro sitio web sea accesible [&hellip;]","og_url":"https:\/\/solutions.salvadorextremiana.com\/en\/accesibilidad\/","og_site_name":"Salex solutions","article_modified_time":"2024-12-18T07:50:31+00:00","twitter_card":"summary_large_image","twitter_misc":{"Estimated reading time":"1 minute"},"schema":{"@context":"https:\/\/schema.org","@graph":[{"@type":"WebPage","@id":"https:\/\/solutions.salvadorextremiana.com\/accesibilidad\/","url":"https:\/\/solutions.salvadorextremiana.com\/accesibilidad\/","name":"Accesibilidad - Salex solutions","isPartOf":{"@id":"https:\/\/solutions.salvadorextremiana.com\/#website"},"datePublished":"2024-12-18T07:49:05+00:00","dateModified":"2024-12-18T07:50:31+00:00","breadcrumb":{"@id":"https:\/\/solutions.salvadorextremiana.com\/accesibilidad\/#breadcrumb"},"inLanguage":"en-GB","potentialAction":[{"@type":"ReadAction","target":["https:\/\/solutions.salvadorextremiana.com\/accesibilidad\/"]}]},{"@type":"BreadcrumbList","@id":"https:\/\/solutions.salvadorextremiana.com\/accesibilidad\/#breadcrumb","itemListElement":[{"@type":"ListItem","position":1,"name":"Portada","item":"https:\/\/solutions.salvadorextremiana.com\/"},{"@type":"ListItem","position":2,"name":"Accesibilidad"}]},{"@type":"WebSite","@id":"https:\/\/solutions.salvadorextremiana.com\/#website","url":"https:\/\/solutions.salvadorextremiana.com\/","name":"Salex solutions","description":"","publisher":{"@id":"https:\/\/solutions.salvadorextremiana.com\/#organization"},"potentialAction":[{"@type":"SearchAction","target":{"@type":"EntryPoint","urlTemplate":"https:\/\/solutions.salvadorextremiana.com\/?s={search_term_string}"},"query-input":{"@type":"PropertyValueSpecification","valueRequired":true,"valueName":"search_term_string"}}],"inLanguage":"en-GB"},{"@type":"Organization","@id":"https:\/\/solutions.salvadorextremiana.com\/#organization","name":"Salex solutions","url":"https:\/\/solutions.salvadorextremiana.com\/","logo":{"@type":"ImageObject","inLanguage":"en-GB","@id":"https:\/\/solutions.salvadorextremiana.com\/#\/schema\/logo\/image\/","url":"https:\/\/solutions.salvadorextremiana.com\/wp-content\/uploads\/2024\/12\/cropped-logo-blanco.png","contentUrl":"https:\/\/solutions.salvadorextremiana.com\/wp-content\/uploads\/2024\/12\/cropped-logo-blanco.png","width":241,"height":169,"caption":"Salex solutions"},"image":{"@id":"https:\/\/solutions.salvadorextremiana.com\/#\/schema\/logo\/image\/"}}]}},"uagb_featured_image_src":{"full":false,"thumbnail":false,"medium":false,"medium_large":false,"large":false,"1536x1536":false,"2048x2048":false,"trp-custom-language-flag":false},"uagb_author_info":{"display_name":"admin","author_link":"https:\/\/solutions.salvadorextremiana.com\/en\/author\/admin_8owrvx90\/"},"uagb_comment_info":0,"uagb_excerpt":"Declaraci\u00f3n de Accesibilidad Como empresa comprometida con la accesibilidad web, nos esforzamos por garantizar que nuestro sitio web sea accesible [&hellip;]","_links":{"self":[{"href":"https:\/\/solutions.salvadorextremiana.com\/en\/wp-json\/wp\/v2\/pages\/566","targetHints":{"allow":["GET"]}}],"collection":[{"href":"https:\/\/solutions.salvadorextremiana.com\/en\/wp-json\/wp\/v2\/pages"}],"about":[{"href":"https:\/\/solutions.salvadorextremiana.com\/en\/wp-json\/wp\/v2\/types\/page"}],"author":[{"embeddable":true,"href":"https:\/\/solutions.salvadorextremiana.com\/en\/wp-json\/wp\/v2\/users\/1"}],"replies":[{"embeddable":true,"href":"https:\/\/solutions.salvadorextremiana.com\/en\/wp-json\/wp\/v2\/comments?post=566"}],"version-history":[{"count":4,"href":"https:\/\/solutions.salvadorextremiana.com\/en\/wp-json\/wp\/v2\/pages\/566\/revisions"}],"predecessor-version":[{"id":571,"href":"https:\/\/solutions.salvadorextremiana.com\/en\/wp-json\/wp\/v2\/pages\/566\/revisions\/571"}],"wp:attachment":[{"href":"https:\/\/solutions.salvadorextremiana.com\/en\/wp-json\/wp\/v2\/media?parent=566"}],"curies":[{"name":"wp","href":"https:\/\/api.w.org\/{rel}","templated":true}]}}