{"id":560,"date":"2024-12-18T07:45:25","date_gmt":"2024-12-18T07:45:25","guid":{"rendered":"https:\/\/solutions.salvadorextremiana.com\/?page_id=560"},"modified":"2024-12-18T07:47:49","modified_gmt":"2024-12-18T07:47:49","slug":"cookies","status":"publish","type":"page","link":"https:\/\/solutions.salvadorextremiana.com\/en\/cookies\/","title":{"rendered":"Cookies"},"content":{"rendered":"<div data-elementor-type=\"wp-page\" data-elementor-id=\"560\" class=\"elementor elementor-560\" data-elementor-post-type=\"page\">\n\t\t\t\t<div class=\"elementor-element elementor-element-4090d6f4 e-flex e-con-boxed e-con e-parent\" data-id=\"4090d6f4\" data-element_type=\"container\" data-settings=\"{&quot;background_background&quot;:&quot;gradient&quot;}\">\n\t\t\t\t\t<div class=\"e-con-inner\">\n\t\t\t\t<div class=\"elementor-element elementor-element-7f4b639b elementor-widget elementor-widget-heading\" data-id=\"7f4b639b\" data-element_type=\"widget\" data-widget_type=\"heading.default\">\n\t\t\t\t<div class=\"elementor-widget-container\">\n\t\t\t\t\t<h1 class=\"elementor-heading-title elementor-size-default\">Cookies<\/h1>\t\t\t\t<\/div>\n\t\t\t\t<\/div>\n\t\t\t\t\t<\/div>\n\t\t\t\t<\/div>\n\t\t<div class=\"elementor-element elementor-element-5413280a e-flex e-con-boxed e-con e-parent\" data-id=\"5413280a\" data-element_type=\"container\">\n\t\t\t\t\t<div class=\"e-con-inner\">\n\t\t\t\t<div class=\"elementor-element elementor-element-43a769c elementor-widget elementor-widget-text-editor\" data-id=\"43a769c\" data-element_type=\"widget\" data-widget_type=\"text-editor.default\">\n\t\t\t\t<div class=\"elementor-widget-container\">\n\t\t\t\t\t\t\t\t\t<p><b>SALVADOR EXTREMIANA S.L.<\/b>\u00a0por su propia cuenta o la de un tercero contratado para prestaci\u00f3n de servicios de medici\u00f3n, pueden utilizar cookies cuando el usuario navega por el sitio web. Las cookies son ficheros enviados al navegador por medio de un servicio web con la finalidad de registrar las actividades del usuario durante su tiempo de navegaci\u00f3n.<\/p><p>Las cookies utilizadas se asocian \u00fanicamente con un usuario an\u00f3nimo y su ordenador, y no proporcionan por s\u00ed mismas los datos personales del usuario.<br \/>Mediante el uso de las cookies resulta posible que el servidor donde se encuentra la web reconozca el navegador web utilizado por el usuario con la finalidad de que la navegaci\u00f3n sea m\u00e1s sencilla. Se utilizan tambi\u00e9n para medir la audiencia y par\u00e1metros del tr\u00e1fico, controlar el proceso y n\u00famero de entradas.<br \/>El usuario tiene la posibilidad de configurar su navegador para ser avisado de la recepci\u00f3n de cookies y para impedir su instalaci\u00f3n en su equipo. M\u00e1s abajo facilitamos la informaci\u00f3n para dicha configuraci\u00f3n.<br \/>Para utilizar el sitio web no es necesario que el usuario permita la instalaci\u00f3n de las cookies enviadas al sitio web, o el tercero que act\u00fae en su nombre, sin perjuicio de que sea necesario que el usuario inicie una sesi\u00f3n tal en cada uno de los servicios cuya prestaci\u00f3n requiera el previo registro.<br \/>En todo caso las cookies tienen un car\u00e1cter temporal con la \u00fanica finalidad de hacer m\u00e1s eficaz su transmisi\u00f3n ulterior. En ning\u00fan caso se utilizar\u00e1 cookies para recoger informaci\u00f3n de car\u00e1cter personal.<\/p><p><strong>Desactivaci\u00f3n o eliminaci\u00f3n de cookies<\/strong><\/p><p>En cualquier momento podr\u00e1 ejercer su derecho de desactivaci\u00f3n o eliminaci\u00f3n de cookies de este sitio web. Estas acciones se realizan de forma diferente en funci\u00f3n del navegador que est\u00e9 usando.\u00a0<a href=\"https:\/\/web.archive.org\/web\/20210125160618\/https:\/sipeinformatica.com\/mas-informacion-sobre-las-cookies\/#navegadores\">Aqu\u00ed le dejamos una gu\u00eda r\u00e1pida para los navegadores m\u00e1s populares<\/a>.<\/p><p><strong>Notas adicionales<\/strong><\/p><ul><li>Ni esta web ni sus representantes legales se hacen responsables ni del contenido ni de la veracidad de las pol\u00edticas de privacidad que puedan tener los terceros mencionados en esta pol\u00edtica de\u00a0<em>cookies<\/em>.<\/li><li>Los navegadores web son las herramientas encargadas de almacenar las\u00a0<em>cookies<\/em>\u00a0y desde este lugar debe efectuar su derecho a eliminaci\u00f3n o desactivaci\u00f3n de las mismas. Ni esta web ni sus representantes legales pueden garantizar la correcta o incorrecta manipulaci\u00f3n de las\u00a0<em>cookies<\/em>\u00a0por parte de los mencionados navegadores.<\/li><li>En algunos casos es necesario instalar\u00a0<em>cookies<\/em>\u00a0para que el navegador no olvide su decisi\u00f3n de no aceptaci\u00f3n de las mismas.<\/li><li>En el caso de las\u00a0<em>cookies<\/em>\u00a0de Google Analytics, esta empresa almacena las\u00a0<em>cookies<\/em>\u00a0en servidores ubicados en Estados Unidos y se compromete a no compartirla con terceros, excepto en los casos en los que sea necesario para el funcionamiento del sistema o cuando la ley obligue a tal efecto. Seg\u00fan Google no guarda su direcci\u00f3n IP. Google Inc. es una compa\u00f1\u00eda adherida al Acuerdo de Puerto Seguro que garantiza que todos los datos transferidos ser\u00e1n tratados con un nivel de protecci\u00f3n acorde a la normativa europea. Si desea informaci\u00f3n sobre el uso que Google da a las cookies\u00a0<a href=\"https:\/\/web.archive.org\/web\/20210125160618\/https:\/developers.google.com\/analytics\/devguides\/collection\/analyticsjs\/cookie-usage?hl=es&amp;csw=1\" target=\"_blank\" rel=\"noreferrer noopener\">le adjuntamos este otro enlace<\/a>.<\/li><li>Para cualquier duda o consulta acerca de esta pol\u00edtica de\u00a0<em>cookies<\/em>\u00a0no dude en comunicarse con nosotros a trav\u00e9s de la secci\u00f3n de contacto.<\/li><\/ul>\t\t\t\t\t\t\t\t<\/div>\n\t\t\t\t<\/div>\n\t\t\t\t\t<\/div>\n\t\t\t\t<\/div>\n\t\t\t\t<\/div>","protected":false},"excerpt":{"rendered":"<p>Cookies SALVADOR EXTREMIANA S.L.\u00a0por su propia cuenta o la de un tercero contratado para prestaci\u00f3n de servicios de medici\u00f3n, pueden [&hellip;]<\/p>","protected":false},"author":1,"featured_media":0,"parent":0,"menu_order":0,"comment_status":"closed","ping_status":"closed","template":"","meta":{"_uag_custom_page_level_css":"","site-sidebar-layout":"no-sidebar","site-content-layout":"","ast-site-content-layout":"full-width-container","site-content-style":"default","site-sidebar-style":"default","ast-global-header-display":"","ast-banner-title-visibility":"","ast-main-header-display":"","ast-hfb-above-header-display":"","ast-hfb-below-header-display":"","ast-hfb-mobile-header-display":"","site-post-title":"disabled","ast-breadcrumbs-content":"","ast-featured-img":"disabled","footer-sml-layout":"","theme-transparent-header-meta":"enabled","adv-header-id-meta":"","stick-header-meta":"","header-above-stick-meta":"","header-main-stick-meta":"","header-below-stick-meta":"","astra-migrate-meta-layouts":"default","ast-page-background-enabled":"default","ast-page-background-meta":{"desktop":{"background-color":"var(--ast-global-color-4)","background-image":"","background-repeat":"repeat","background-position":"center center","background-size":"auto","background-attachment":"scroll","background-type":"","background-media":"","overlay-type":"","overlay-color":"","overlay-opacity":"","overlay-gradient":""},"tablet":{"background-color":"","background-image":"","background-repeat":"repeat","background-position":"center center","background-size":"auto","background-attachment":"scroll","background-type":"","background-media":"","overlay-type":"","overlay-color":"","overlay-opacity":"","overlay-gradient":""},"mobile":{"background-color":"","background-image":"","background-repeat":"repeat","background-position":"center center","background-size":"auto","background-attachment":"scroll","background-type":"","background-media":"","overlay-type":"","overlay-color":"","overlay-opacity":"","overlay-gradient":""}},"ast-content-background-meta":{"desktop":{"background-color":"var(--ast-global-color-5)","background-image":"","background-repeat":"repeat","background-position":"center center","background-size":"auto","background-attachment":"scroll","background-type":"","background-media":"","overlay-type":"","overlay-color":"","overlay-opacity":"","overlay-gradient":""},"tablet":{"background-color":"var(--ast-global-color-5)","background-image":"","background-repeat":"repeat","background-position":"center center","background-size":"auto","background-attachment":"scroll","background-type":"","background-media":"","overlay-type":"","overlay-color":"","overlay-opacity":"","overlay-gradient":""},"mobile":{"background-color":"var(--ast-global-color-5)","background-image":"","background-repeat":"repeat","background-position":"center center","background-size":"auto","background-attachment":"scroll","background-type":"","background-media":"","overlay-type":"","overlay-color":"","overlay-opacity":"","overlay-gradient":""}},"footnotes":""},"class_list":["post-560","page","type-page","status-publish","hentry"],"yoast_head":"<!-- This site is optimized with the Yoast SEO plugin v24.6 - https:\/\/yoast.com\/wordpress\/plugins\/seo\/ -->\n<title>Cookies - Salex solutions<\/title>\n<meta name=\"robots\" content=\"index, follow, max-snippet:-1, max-image-preview:large, max-video-preview:-1\" \/>\n<link rel=\"canonical\" href=\"https:\/\/solutions.salvadorextremiana.com\/en\/cookies\/\" \/>\n<meta property=\"og:locale\" content=\"en_GB\" \/>\n<meta property=\"og:type\" content=\"article\" \/>\n<meta property=\"og:title\" content=\"Cookies - Salex solutions\" \/>\n<meta property=\"og:description\" content=\"Cookies SALVADOR EXTREMIANA S.L.\u00a0por su propia cuenta o la de un tercero contratado para prestaci\u00f3n de servicios de medici\u00f3n, pueden [&hellip;]\" \/>\n<meta property=\"og:url\" content=\"https:\/\/solutions.salvadorextremiana.com\/en\/cookies\/\" \/>\n<meta property=\"og:site_name\" content=\"Salex solutions\" \/>\n<meta property=\"article:modified_time\" content=\"2024-12-18T07:47:49+00:00\" \/>\n<meta name=\"twitter:card\" content=\"summary_large_image\" \/>\n<meta name=\"twitter:label1\" content=\"Estimated reading time\" \/>\n\t<meta name=\"twitter:data1\" content=\"3 minutes\" \/>\n<script type=\"application\/ld+json\" class=\"yoast-schema-graph\">{\"@context\":\"https:\/\/schema.org\",\"@graph\":[{\"@type\":\"WebPage\",\"@id\":\"https:\/\/solutions.salvadorextremiana.com\/cookies\/\",\"url\":\"https:\/\/solutions.salvadorextremiana.com\/cookies\/\",\"name\":\"Cookies - Salex solutions\",\"isPartOf\":{\"@id\":\"https:\/\/solutions.salvadorextremiana.com\/#website\"},\"datePublished\":\"2024-12-18T07:45:25+00:00\",\"dateModified\":\"2024-12-18T07:47:49+00:00\",\"breadcrumb\":{\"@id\":\"https:\/\/solutions.salvadorextremiana.com\/cookies\/#breadcrumb\"},\"inLanguage\":\"en-GB\",\"potentialAction\":[{\"@type\":\"ReadAction\",\"target\":[\"https:\/\/solutions.salvadorextremiana.com\/cookies\/\"]}]},{\"@type\":\"BreadcrumbList\",\"@id\":\"https:\/\/solutions.salvadorextremiana.com\/cookies\/#breadcrumb\",\"itemListElement\":[{\"@type\":\"ListItem\",\"position\":1,\"name\":\"Portada\",\"item\":\"https:\/\/solutions.salvadorextremiana.com\/\"},{\"@type\":\"ListItem\",\"position\":2,\"name\":\"Cookies\"}]},{\"@type\":\"WebSite\",\"@id\":\"https:\/\/solutions.salvadorextremiana.com\/#website\",\"url\":\"https:\/\/solutions.salvadorextremiana.com\/\",\"name\":\"Salex solutions\",\"description\":\"\",\"publisher\":{\"@id\":\"https:\/\/solutions.salvadorextremiana.com\/#organization\"},\"potentialAction\":[{\"@type\":\"SearchAction\",\"target\":{\"@type\":\"EntryPoint\",\"urlTemplate\":\"https:\/\/solutions.salvadorextremiana.com\/?s={search_term_string}\"},\"query-input\":{\"@type\":\"PropertyValueSpecification\",\"valueRequired\":true,\"valueName\":\"search_term_string\"}}],\"inLanguage\":\"en-GB\"},{\"@type\":\"Organization\",\"@id\":\"https:\/\/solutions.salvadorextremiana.com\/#organization\",\"name\":\"Salex solutions\",\"url\":\"https:\/\/solutions.salvadorextremiana.com\/\",\"logo\":{\"@type\":\"ImageObject\",\"inLanguage\":\"en-GB\",\"@id\":\"https:\/\/solutions.salvadorextremiana.com\/#\/schema\/logo\/image\/\",\"url\":\"https:\/\/solutions.salvadorextremiana.com\/wp-content\/uploads\/2024\/12\/cropped-logo-blanco.png\",\"contentUrl\":\"https:\/\/solutions.salvadorextremiana.com\/wp-content\/uploads\/2024\/12\/cropped-logo-blanco.png\",\"width\":241,\"height\":169,\"caption\":\"Salex solutions\"},\"image\":{\"@id\":\"https:\/\/solutions.salvadorextremiana.com\/#\/schema\/logo\/image\/\"}}]}<\/script>\n<!-- \/ Yoast SEO plugin. -->","yoast_head_json":{"title":"Cookies - Salex solutions","robots":{"index":"index","follow":"follow","max-snippet":"max-snippet:-1","max-image-preview":"max-image-preview:large","max-video-preview":"max-video-preview:-1"},"canonical":"https:\/\/solutions.salvadorextremiana.com\/en\/cookies\/","og_locale":"en_GB","og_type":"article","og_title":"Cookies - Salex solutions","og_description":"Cookies SALVADOR EXTREMIANA S.L.\u00a0por su propia cuenta o la de un tercero contratado para prestaci\u00f3n de servicios de medici\u00f3n, pueden [&hellip;]","og_url":"https:\/\/solutions.salvadorextremiana.com\/en\/cookies\/","og_site_name":"Salex solutions","article_modified_time":"2024-12-18T07:47:49+00:00","twitter_card":"summary_large_image","twitter_misc":{"Estimated reading time":"3 minutes"},"schema":{"@context":"https:\/\/schema.org","@graph":[{"@type":"WebPage","@id":"https:\/\/solutions.salvadorextremiana.com\/cookies\/","url":"https:\/\/solutions.salvadorextremiana.com\/cookies\/","name":"Cookies - Salex solutions","isPartOf":{"@id":"https:\/\/solutions.salvadorextremiana.com\/#website"},"datePublished":"2024-12-18T07:45:25+00:00","dateModified":"2024-12-18T07:47:49+00:00","breadcrumb":{"@id":"https:\/\/solutions.salvadorextremiana.com\/cookies\/#breadcrumb"},"inLanguage":"en-GB","potentialAction":[{"@type":"ReadAction","target":["https:\/\/solutions.salvadorextremiana.com\/cookies\/"]}]},{"@type":"BreadcrumbList","@id":"https:\/\/solutions.salvadorextremiana.com\/cookies\/#breadcrumb","itemListElement":[{"@type":"ListItem","position":1,"name":"Portada","item":"https:\/\/solutions.salvadorextremiana.com\/"},{"@type":"ListItem","position":2,"name":"Cookies"}]},{"@type":"WebSite","@id":"https:\/\/solutions.salvadorextremiana.com\/#website","url":"https:\/\/solutions.salvadorextremiana.com\/","name":"Salex solutions","description":"","publisher":{"@id":"https:\/\/solutions.salvadorextremiana.com\/#organization"},"potentialAction":[{"@type":"SearchAction","target":{"@type":"EntryPoint","urlTemplate":"https:\/\/solutions.salvadorextremiana.com\/?s={search_term_string}"},"query-input":{"@type":"PropertyValueSpecification","valueRequired":true,"valueName":"search_term_string"}}],"inLanguage":"en-GB"},{"@type":"Organization","@id":"https:\/\/solutions.salvadorextremiana.com\/#organization","name":"Salex solutions","url":"https:\/\/solutions.salvadorextremiana.com\/","logo":{"@type":"ImageObject","inLanguage":"en-GB","@id":"https:\/\/solutions.salvadorextremiana.com\/#\/schema\/logo\/image\/","url":"https:\/\/solutions.salvadorextremiana.com\/wp-content\/uploads\/2024\/12\/cropped-logo-blanco.png","contentUrl":"https:\/\/solutions.salvadorextremiana.com\/wp-content\/uploads\/2024\/12\/cropped-logo-blanco.png","width":241,"height":169,"caption":"Salex solutions"},"image":{"@id":"https:\/\/solutions.salvadorextremiana.com\/#\/schema\/logo\/image\/"}}]}},"uagb_featured_image_src":{"full":false,"thumbnail":false,"medium":false,"medium_large":false,"large":false,"1536x1536":false,"2048x2048":false,"trp-custom-language-flag":false},"uagb_author_info":{"display_name":"admin","author_link":"https:\/\/solutions.salvadorextremiana.com\/en\/author\/admin_8owrvx90\/"},"uagb_comment_info":0,"uagb_excerpt":"Cookies SALVADOR EXTREMIANA S.L.\u00a0por su propia cuenta o la de un tercero contratado para prestaci\u00f3n de servicios de medici\u00f3n, pueden [&hellip;]","_links":{"self":[{"href":"https:\/\/solutions.salvadorextremiana.com\/en\/wp-json\/wp\/v2\/pages\/560","targetHints":{"allow":["GET"]}}],"collection":[{"href":"https:\/\/solutions.salvadorextremiana.com\/en\/wp-json\/wp\/v2\/pages"}],"about":[{"href":"https:\/\/solutions.salvadorextremiana.com\/en\/wp-json\/wp\/v2\/types\/page"}],"author":[{"embeddable":true,"href":"https:\/\/solutions.salvadorextremiana.com\/en\/wp-json\/wp\/v2\/users\/1"}],"replies":[{"embeddable":true,"href":"https:\/\/solutions.salvadorextremiana.com\/en\/wp-json\/wp\/v2\/comments?post=560"}],"version-history":[{"count":4,"href":"https:\/\/solutions.salvadorextremiana.com\/en\/wp-json\/wp\/v2\/pages\/560\/revisions"}],"predecessor-version":[{"id":565,"href":"https:\/\/solutions.salvadorextremiana.com\/en\/wp-json\/wp\/v2\/pages\/560\/revisions\/565"}],"wp:attachment":[{"href":"https:\/\/solutions.salvadorextremiana.com\/en\/wp-json\/wp\/v2\/media?parent=560"}],"curies":[{"name":"wp","href":"https:\/\/api.w.org\/{rel}","templated":true}]}}