{"id":553,"date":"2024-12-18T07:39:56","date_gmt":"2024-12-18T07:39:56","guid":{"rendered":"https:\/\/solutions.salvadorextremiana.com\/?page_id=553"},"modified":"2024-12-18T07:44:44","modified_gmt":"2024-12-18T07:44:44","slug":"politica-de-privacidad","status":"publish","type":"page","link":"https:\/\/solutions.salvadorextremiana.com\/en\/politica-de-privacidad\/","title":{"rendered":"Privacy Policy"},"content":{"rendered":"<div data-elementor-type=\"wp-page\" data-elementor-id=\"553\" class=\"elementor elementor-553\" data-elementor-post-type=\"page\">\n\t\t\t\t<div class=\"elementor-element elementor-element-19ecdff5 e-flex e-con-boxed e-con e-parent\" data-id=\"19ecdff5\" data-element_type=\"container\" data-settings=\"{&quot;background_background&quot;:&quot;gradient&quot;}\">\n\t\t\t\t\t<div class=\"e-con-inner\">\n\t\t\t\t<div class=\"elementor-element elementor-element-5c285273 elementor-widget elementor-widget-heading\" data-id=\"5c285273\" data-element_type=\"widget\" data-widget_type=\"heading.default\">\n\t\t\t\t<div class=\"elementor-widget-container\">\n\t\t\t\t\t<h1 class=\"elementor-heading-title elementor-size-default\">Privacy Policy<\/h1>\t\t\t\t<\/div>\n\t\t\t\t<\/div>\n\t\t\t\t\t<\/div>\n\t\t\t\t<\/div>\n\t\t<div class=\"elementor-element elementor-element-4ec6b03b e-flex e-con-boxed e-con e-parent\" data-id=\"4ec6b03b\" data-element_type=\"container\">\n\t\t\t\t\t<div class=\"e-con-inner\">\n\t\t\t\t<div class=\"elementor-element elementor-element-2bf6b094 elementor-widget elementor-widget-text-editor\" data-id=\"2bf6b094\" data-element_type=\"widget\" data-widget_type=\"text-editor.default\">\n\t\t\t\t<div class=\"elementor-widget-container\">\n\t\t\t\t\t\t\t\t\t<p><strong>Tratamiento de los datos de potenciales clientes y contactos web.<\/strong><\/p><p><strong>Informaci\u00f3n completa sobre Protecci\u00f3n de Datos.<\/strong><\/p><p><strong>1 \u00bfQui\u00e9n es el responsable del tratamiento de sus datos?<\/strong><\/p><p>SALVADOR EXTREMIANA, S.L.<\/p><p>B-54325477<\/p><p>Calle Huelva N\u00ba 9-A\u2013 03440 \u2013 IBI.<\/p><p><a href=\"mailto:info@salvadorextremiana.com\">info@salvadorextremiana.com<\/a><\/p><ol start=\"2\"><li><strong> \u00bfCon qu\u00e9 finalidad tratamos sus datos personales?<\/strong><\/li><\/ol><p>En SALVADOR EXTREMIANA, S.L. tratamos la informaci\u00f3n que nos facilitan las personas interesadas con el fin de Atender su solicitud y enviarle comunicaciones comerciales, inclusive por v\u00eda electr\u00f3nica<\/p><p>No se van a tomar decisiones automatizadas en base de datos proporcionados.<\/p><ol start=\"3\"><li><strong> \u00bfPor cu\u00e1nto tiempo conservaremos sus datos?<\/strong><\/li><\/ol><p>Los datos se conservar\u00e1n mientras el interesado no solicite su supresi\u00f3n.<\/p><ol start=\"4\"><li><strong> \u00bfCu\u00e1l es la legitimaci\u00f3n para el tratamiento de sus datos?<\/strong><\/li><\/ol><p>Le indicamos la base legal para el tratamiento de sus datos:<\/p><ul><li>Ejecuci\u00f3n de un contrato: Atender su solicitud<\/li><li>Consentimiento del interesado: Enviarle comunicaciones comerciales, inclusive por v\u00eda electr\u00f3nica<\/li><\/ul><ol start=\"5\"><li><strong> \u00bfA qu\u00e9 destinatarios se comunicar\u00e1n sus datos?<\/strong><\/li><\/ol><p>No se ceder\u00e1n datos a terceros, salvo obligaci\u00f3n legal.<\/p><ol start=\"6\"><li><strong> Transferencias de datos a terceros pa\u00edses<\/strong><\/li><\/ol><p>No est\u00e1n previstas transferencias de datos a terceros pa\u00edses.<\/p><ol start=\"7\"><li><strong> \u00bfCu\u00e1les son sus derechos cuando nos facilita sus datos?<\/strong><\/li><\/ol><p>Cualquier persona tiene derecho a obtener confirmaci\u00f3n sobre si en SALVADOR EXTREMIANA, S.L. estamos tratando, o no, datos personales que les conciernan.<\/p><p>Las personas interesadas tienen derecho a acceder a sus datos personales, as\u00ed como a solicitar la rectificaci\u00f3n de los datos inexactos o, en su caso, solicitar su supresi\u00f3n cuando, entre otros motivos, los datos ya no sean necesarios para los fines que fueron recogidos. Igualmente tiene derecho a la portabilidad de sus datos.<\/p><p>En determinadas circunstancias, los interesados podr\u00e1n solicitar la limitaci\u00f3n del tratamiento de sus datos, en cuyo caso \u00fanicamente los conservaremos para el ejercicio o la defensa de reclamaciones.<\/p><p>En determinadas circunstancias y por motivos relacionados con su situaci\u00f3n particular, los interesados podr\u00e1n oponerse al tratamiento de sus datos. En este caso, SALVADOR EXTREMIANA, S.L. dejar\u00e1 de tratar los datos, salvo por motivos leg\u00edtimos imperiosos, o el ejercicio o la defensa de posibles reclamaciones.<\/p><p>Cuando se realice el env\u00edo de comunicaciones comerciales utilizando como base jur\u00eddica el inter\u00e9s leg\u00edtimo del responsable, el interesado podr\u00e1 oponerse al tratamiento de sus datos con ese fin.<\/p><p>Si ha otorgado su consentimiento para alguna finalidad concreta, tiene derecho a retirar el consentimiento otorgado en cualquier momento, sin que ello afecte a la licitud del tratamiento basado en el consentimiento previo a su retirada.<\/p><p>En caso de que sienta vulnerados sus derechos en lo concerniente a la protecci\u00f3n de sus datos personales, especialmente cuando no haya obtenido satisfacci\u00f3n en el ejercicio de sus derechos, puede presentar una reclamaci\u00f3n ante la Autoridad de Control en materia de Protecci\u00f3n de Datos competente a trav\u00e9s de su sitio web: www.agpd.es.<\/p><ol start=\"8\"><li><strong> \u00bfC\u00f3mo hemos obtenido sus datos?<\/strong><\/li><\/ol><p>Los datos personales que tratamos en SALVADOR EXTREMIANA, S.L. proceden de: El propio interesado.<\/p>\t\t\t\t\t\t\t\t<\/div>\n\t\t\t\t<\/div>\n\t\t\t\t\t<\/div>\n\t\t\t\t<\/div>\n\t\t\t\t<\/div>","protected":false},"excerpt":{"rendered":"<p>Pol\u00edtica de Privacidad Tratamiento de los datos de potenciales clientes y contactos web. Informaci\u00f3n completa sobre Protecci\u00f3n de Datos. 1 [&hellip;]<\/p>","protected":false},"author":1,"featured_media":0,"parent":0,"menu_order":0,"comment_status":"closed","ping_status":"closed","template":"","meta":{"_uag_custom_page_level_css":"","site-sidebar-layout":"no-sidebar","site-content-layout":"","ast-site-content-layout":"full-width-container","site-content-style":"default","site-sidebar-style":"default","ast-global-header-display":"","ast-banner-title-visibility":"","ast-main-header-display":"","ast-hfb-above-header-display":"","ast-hfb-below-header-display":"","ast-hfb-mobile-header-display":"","site-post-title":"disabled","ast-breadcrumbs-content":"","ast-featured-img":"disabled","footer-sml-layout":"","theme-transparent-header-meta":"enabled","adv-header-id-meta":"","stick-header-meta":"","header-above-stick-meta":"","header-main-stick-meta":"","header-below-stick-meta":"","astra-migrate-meta-layouts":"default","ast-page-background-enabled":"default","ast-page-background-meta":{"desktop":{"background-color":"var(--ast-global-color-4)","background-image":"","background-repeat":"repeat","background-position":"center center","background-size":"auto","background-attachment":"scroll","background-type":"","background-media":"","overlay-type":"","overlay-color":"","overlay-opacity":"","overlay-gradient":""},"tablet":{"background-color":"","background-image":"","background-repeat":"repeat","background-position":"center center","background-size":"auto","background-attachment":"scroll","background-type":"","background-media":"","overlay-type":"","overlay-color":"","overlay-opacity":"","overlay-gradient":""},"mobile":{"background-color":"","background-image":"","background-repeat":"repeat","background-position":"center center","background-size":"auto","background-attachment":"scroll","background-type":"","background-media":"","overlay-type":"","overlay-color":"","overlay-opacity":"","overlay-gradient":""}},"ast-content-background-meta":{"desktop":{"background-color":"var(--ast-global-color-5)","background-image":"","background-repeat":"repeat","background-position":"center center","background-size":"auto","background-attachment":"scroll","background-type":"","background-media":"","overlay-type":"","overlay-color":"","overlay-opacity":"","overlay-gradient":""},"tablet":{"background-color":"var(--ast-global-color-5)","background-image":"","background-repeat":"repeat","background-position":"center center","background-size":"auto","background-attachment":"scroll","background-type":"","background-media":"","overlay-type":"","overlay-color":"","overlay-opacity":"","overlay-gradient":""},"mobile":{"background-color":"var(--ast-global-color-5)","background-image":"","background-repeat":"repeat","background-position":"center center","background-size":"auto","background-attachment":"scroll","background-type":"","background-media":"","overlay-type":"","overlay-color":"","overlay-opacity":"","overlay-gradient":""}},"footnotes":""},"class_list":["post-553","page","type-page","status-publish","hentry"],"yoast_head":"<!-- This site is optimized with the Yoast SEO plugin v24.6 - https:\/\/yoast.com\/wordpress\/plugins\/seo\/ -->\n<title>Pol\u00edtica de Privacidad - Salex solutions<\/title>\n<meta name=\"robots\" content=\"index, follow, max-snippet:-1, max-image-preview:large, max-video-preview:-1\" \/>\n<link rel=\"canonical\" href=\"https:\/\/solutions.salvadorextremiana.com\/en\/politica-de-privacidad\/\" \/>\n<meta property=\"og:locale\" content=\"en_GB\" \/>\n<meta property=\"og:type\" content=\"article\" \/>\n<meta property=\"og:title\" content=\"Pol\u00edtica de Privacidad - Salex solutions\" \/>\n<meta property=\"og:description\" content=\"Pol\u00edtica de Privacidad Tratamiento de los datos de potenciales clientes y contactos web. Informaci\u00f3n completa sobre Protecci\u00f3n de Datos. 1 [&hellip;]\" \/>\n<meta property=\"og:url\" content=\"https:\/\/solutions.salvadorextremiana.com\/en\/politica-de-privacidad\/\" \/>\n<meta property=\"og:site_name\" content=\"Salex solutions\" \/>\n<meta property=\"article:modified_time\" content=\"2024-12-18T07:44:44+00:00\" \/>\n<meta name=\"twitter:card\" content=\"summary_large_image\" \/>\n<meta name=\"twitter:label1\" content=\"Estimated reading time\" \/>\n\t<meta name=\"twitter:data1\" content=\"3 minutes\" \/>\n<script type=\"application\/ld+json\" class=\"yoast-schema-graph\">{\"@context\":\"https:\/\/schema.org\",\"@graph\":[{\"@type\":\"WebPage\",\"@id\":\"https:\/\/solutions.salvadorextremiana.com\/politica-de-privacidad\/\",\"url\":\"https:\/\/solutions.salvadorextremiana.com\/politica-de-privacidad\/\",\"name\":\"Pol\u00edtica de Privacidad - Salex solutions\",\"isPartOf\":{\"@id\":\"https:\/\/solutions.salvadorextremiana.com\/#website\"},\"datePublished\":\"2024-12-18T07:39:56+00:00\",\"dateModified\":\"2024-12-18T07:44:44+00:00\",\"breadcrumb\":{\"@id\":\"https:\/\/solutions.salvadorextremiana.com\/politica-de-privacidad\/#breadcrumb\"},\"inLanguage\":\"en-GB\",\"potentialAction\":[{\"@type\":\"ReadAction\",\"target\":[\"https:\/\/solutions.salvadorextremiana.com\/politica-de-privacidad\/\"]}]},{\"@type\":\"BreadcrumbList\",\"@id\":\"https:\/\/solutions.salvadorextremiana.com\/politica-de-privacidad\/#breadcrumb\",\"itemListElement\":[{\"@type\":\"ListItem\",\"position\":1,\"name\":\"Portada\",\"item\":\"https:\/\/solutions.salvadorextremiana.com\/\"},{\"@type\":\"ListItem\",\"position\":2,\"name\":\"Pol\u00edtica de Privacidad\"}]},{\"@type\":\"WebSite\",\"@id\":\"https:\/\/solutions.salvadorextremiana.com\/#website\",\"url\":\"https:\/\/solutions.salvadorextremiana.com\/\",\"name\":\"Salex solutions\",\"description\":\"\",\"publisher\":{\"@id\":\"https:\/\/solutions.salvadorextremiana.com\/#organization\"},\"potentialAction\":[{\"@type\":\"SearchAction\",\"target\":{\"@type\":\"EntryPoint\",\"urlTemplate\":\"https:\/\/solutions.salvadorextremiana.com\/?s={search_term_string}\"},\"query-input\":{\"@type\":\"PropertyValueSpecification\",\"valueRequired\":true,\"valueName\":\"search_term_string\"}}],\"inLanguage\":\"en-GB\"},{\"@type\":\"Organization\",\"@id\":\"https:\/\/solutions.salvadorextremiana.com\/#organization\",\"name\":\"Salex solutions\",\"url\":\"https:\/\/solutions.salvadorextremiana.com\/\",\"logo\":{\"@type\":\"ImageObject\",\"inLanguage\":\"en-GB\",\"@id\":\"https:\/\/solutions.salvadorextremiana.com\/#\/schema\/logo\/image\/\",\"url\":\"https:\/\/solutions.salvadorextremiana.com\/wp-content\/uploads\/2024\/12\/cropped-logo-blanco.png\",\"contentUrl\":\"https:\/\/solutions.salvadorextremiana.com\/wp-content\/uploads\/2024\/12\/cropped-logo-blanco.png\",\"width\":241,\"height\":169,\"caption\":\"Salex solutions\"},\"image\":{\"@id\":\"https:\/\/solutions.salvadorextremiana.com\/#\/schema\/logo\/image\/\"}}]}<\/script>\n<!-- \/ Yoast SEO plugin. -->","yoast_head_json":{"title":"Pol\u00edtica de Privacidad - Salex solutions","robots":{"index":"index","follow":"follow","max-snippet":"max-snippet:-1","max-image-preview":"max-image-preview:large","max-video-preview":"max-video-preview:-1"},"canonical":"https:\/\/solutions.salvadorextremiana.com\/en\/politica-de-privacidad\/","og_locale":"en_GB","og_type":"article","og_title":"Pol\u00edtica de Privacidad - Salex solutions","og_description":"Pol\u00edtica de Privacidad Tratamiento de los datos de potenciales clientes y contactos web. Informaci\u00f3n completa sobre Protecci\u00f3n de Datos. 1 [&hellip;]","og_url":"https:\/\/solutions.salvadorextremiana.com\/en\/politica-de-privacidad\/","og_site_name":"Salex solutions","article_modified_time":"2024-12-18T07:44:44+00:00","twitter_card":"summary_large_image","twitter_misc":{"Estimated reading time":"3 minutes"},"schema":{"@context":"https:\/\/schema.org","@graph":[{"@type":"WebPage","@id":"https:\/\/solutions.salvadorextremiana.com\/politica-de-privacidad\/","url":"https:\/\/solutions.salvadorextremiana.com\/politica-de-privacidad\/","name":"Pol\u00edtica de Privacidad - Salex solutions","isPartOf":{"@id":"https:\/\/solutions.salvadorextremiana.com\/#website"},"datePublished":"2024-12-18T07:39:56+00:00","dateModified":"2024-12-18T07:44:44+00:00","breadcrumb":{"@id":"https:\/\/solutions.salvadorextremiana.com\/politica-de-privacidad\/#breadcrumb"},"inLanguage":"en-GB","potentialAction":[{"@type":"ReadAction","target":["https:\/\/solutions.salvadorextremiana.com\/politica-de-privacidad\/"]}]},{"@type":"BreadcrumbList","@id":"https:\/\/solutions.salvadorextremiana.com\/politica-de-privacidad\/#breadcrumb","itemListElement":[{"@type":"ListItem","position":1,"name":"Portada","item":"https:\/\/solutions.salvadorextremiana.com\/"},{"@type":"ListItem","position":2,"name":"Pol\u00edtica de Privacidad"}]},{"@type":"WebSite","@id":"https:\/\/solutions.salvadorextremiana.com\/#website","url":"https:\/\/solutions.salvadorextremiana.com\/","name":"Salex solutions","description":"","publisher":{"@id":"https:\/\/solutions.salvadorextremiana.com\/#organization"},"potentialAction":[{"@type":"SearchAction","target":{"@type":"EntryPoint","urlTemplate":"https:\/\/solutions.salvadorextremiana.com\/?s={search_term_string}"},"query-input":{"@type":"PropertyValueSpecification","valueRequired":true,"valueName":"search_term_string"}}],"inLanguage":"en-GB"},{"@type":"Organization","@id":"https:\/\/solutions.salvadorextremiana.com\/#organization","name":"Salex solutions","url":"https:\/\/solutions.salvadorextremiana.com\/","logo":{"@type":"ImageObject","inLanguage":"en-GB","@id":"https:\/\/solutions.salvadorextremiana.com\/#\/schema\/logo\/image\/","url":"https:\/\/solutions.salvadorextremiana.com\/wp-content\/uploads\/2024\/12\/cropped-logo-blanco.png","contentUrl":"https:\/\/solutions.salvadorextremiana.com\/wp-content\/uploads\/2024\/12\/cropped-logo-blanco.png","width":241,"height":169,"caption":"Salex solutions"},"image":{"@id":"https:\/\/solutions.salvadorextremiana.com\/#\/schema\/logo\/image\/"}}]}},"uagb_featured_image_src":{"full":false,"thumbnail":false,"medium":false,"medium_large":false,"large":false,"1536x1536":false,"2048x2048":false,"trp-custom-language-flag":false},"uagb_author_info":{"display_name":"admin","author_link":"https:\/\/solutions.salvadorextremiana.com\/en\/author\/admin_8owrvx90\/"},"uagb_comment_info":0,"uagb_excerpt":"Pol\u00edtica de Privacidad Tratamiento de los datos de potenciales clientes y contactos web. Informaci\u00f3n completa sobre Protecci\u00f3n de Datos. 1 [&hellip;]","_links":{"self":[{"href":"https:\/\/solutions.salvadorextremiana.com\/en\/wp-json\/wp\/v2\/pages\/553","targetHints":{"allow":["GET"]}}],"collection":[{"href":"https:\/\/solutions.salvadorextremiana.com\/en\/wp-json\/wp\/v2\/pages"}],"about":[{"href":"https:\/\/solutions.salvadorextremiana.com\/en\/wp-json\/wp\/v2\/types\/page"}],"author":[{"embeddable":true,"href":"https:\/\/solutions.salvadorextremiana.com\/en\/wp-json\/wp\/v2\/users\/1"}],"replies":[{"embeddable":true,"href":"https:\/\/solutions.salvadorextremiana.com\/en\/wp-json\/wp\/v2\/comments?post=553"}],"version-history":[{"count":4,"href":"https:\/\/solutions.salvadorextremiana.com\/en\/wp-json\/wp\/v2\/pages\/553\/revisions"}],"predecessor-version":[{"id":559,"href":"https:\/\/solutions.salvadorextremiana.com\/en\/wp-json\/wp\/v2\/pages\/553\/revisions\/559"}],"wp:attachment":[{"href":"https:\/\/solutions.salvadorextremiana.com\/en\/wp-json\/wp\/v2\/media?parent=553"}],"curies":[{"name":"wp","href":"https:\/\/api.w.org\/{rel}","templated":true}]}}