{"id":416,"date":"2024-12-17T12:36:45","date_gmt":"2024-12-17T12:36:45","guid":{"rendered":"https:\/\/solutions.salvadorextremiana.com\/?page_id=416"},"modified":"2024-12-19T08:28:16","modified_gmt":"2024-12-19T08:28:16","slug":"depositos","status":"publish","type":"page","link":"https:\/\/solutions.salvadorextremiana.com\/en\/depositos\/","title":{"rendered":"Tanks"},"content":{"rendered":"<div data-elementor-type=\"wp-page\" data-elementor-id=\"416\" class=\"elementor elementor-416\" data-elementor-post-type=\"page\">\n\t\t\t\t<div class=\"elementor-element elementor-element-9722e46 e-flex e-con-boxed e-con e-parent\" data-id=\"9722e46\" data-element_type=\"container\" data-settings=\"{&quot;background_background&quot;:&quot;classic&quot;}\">\n\t\t\t\t\t<div class=\"e-con-inner\">\n\t\t\t\t<div class=\"elementor-element elementor-element-6cd1ca00 elementor-widget elementor-widget-heading\" data-id=\"6cd1ca00\" data-element_type=\"widget\" data-widget_type=\"heading.default\">\n\t\t\t\t<div class=\"elementor-widget-container\">\n\t\t\t\t\t<h1 class=\"elementor-heading-title elementor-size-default\">Tanks<\/h1>\t\t\t\t<\/div>\n\t\t\t\t<\/div>\n\t\t\t\t\t<\/div>\n\t\t\t\t<\/div>\n\t\t<div class=\"elementor-element elementor-element-25024036 e-flex e-con-boxed e-con e-parent\" data-id=\"25024036\" data-element_type=\"container\">\n\t\t\t\t\t<div class=\"e-con-inner\">\n\t\t<div class=\"elementor-element elementor-element-1d423a8 e-con-full e-flex e-con e-child\" data-id=\"1d423a8\" data-element_type=\"container\">\n\t\t<div class=\"elementor-element elementor-element-3639d6d0 e-con-full e-flex e-con e-child\" data-id=\"3639d6d0\" data-element_type=\"container\">\n\t\t\t\t<div class=\"elementor-element elementor-element-2b41ebc8 elementor-widget elementor-widget-image\" data-id=\"2b41ebc8\" data-element_type=\"widget\" data-widget_type=\"image.default\">\n\t\t\t\t<div class=\"elementor-widget-container\">\n\t\t\t\t\t\t\t\t\t\t\t\t\t\t\t<img fetchpriority=\"high\" decoding=\"async\" width=\"800\" height=\"800\" src=\"https:\/\/solutions.salvadorextremiana.com\/wp-content\/uploads\/2024\/12\/DEPOSITOS-1.png\" class=\"attachment-1536x1536 size-1536x1536 wp-image-422\" alt=\"Dep\u00f3sito para meteria prima\" srcset=\"https:\/\/solutions.salvadorextremiana.com\/wp-content\/uploads\/2024\/12\/DEPOSITOS-1.png 800w, https:\/\/solutions.salvadorextremiana.com\/wp-content\/uploads\/2024\/12\/DEPOSITOS-1-300x300.png 300w, https:\/\/solutions.salvadorextremiana.com\/wp-content\/uploads\/2024\/12\/DEPOSITOS-1-150x150.png 150w, https:\/\/solutions.salvadorextremiana.com\/wp-content\/uploads\/2024\/12\/DEPOSITOS-1-768x768.png 768w\" sizes=\"(max-width: 800px) 100vw, 800px\" \/>\t\t\t\t\t\t\t\t\t\t\t\t\t\t\t<\/div>\n\t\t\t\t<\/div>\n\t\t\t\t<\/div>\n\t\t<div class=\"elementor-element elementor-element-428864a4 e-con-full e-flex e-con e-child\" data-id=\"428864a4\" data-element_type=\"container\">\n\t\t\t\t<div class=\"elementor-element elementor-element-1412e928 elementor-widget elementor-widget-heading\" data-id=\"1412e928\" data-element_type=\"widget\" data-widget_type=\"heading.default\">\n\t\t\t\t<div class=\"elementor-widget-container\">\n\t\t\t\t\t<h2 class=\"elementor-heading-title elementor-size-default\">Tank<\/h2>\t\t\t\t<\/div>\n\t\t\t\t<\/div>\n\t\t\t\t<div class=\"elementor-element elementor-element-37fec26b elementor-widget elementor-widget-text-editor\" data-id=\"37fec26b\" data-element_type=\"widget\" data-widget_type=\"text-editor.default\">\n\t\t\t\t<div class=\"elementor-widget-container\">\n\t\t\t\t\t\t\t\t\t<p>Auxiliary tank for raw material or colorant.<\/p>\t\t\t\t\t\t\t\t<\/div>\n\t\t\t\t<\/div>\n\t\t<div class=\"elementor-element elementor-element-659e2d4a e-con-full e-flex e-con e-child\" data-id=\"659e2d4a\" data-element_type=\"container\">\n\t\t\t\t<div class=\"elementor-element elementor-element-61fcb168 elementor-widget elementor-widget-heading\" data-id=\"61fcb168\" data-element_type=\"widget\" data-widget_type=\"heading.default\">\n\t\t\t\t<div class=\"elementor-widget-container\">\n\t\t\t\t\t<p class=\"elementor-heading-title elementor-size-default\">REFERENCES<\/p>\t\t\t\t<\/div>\n\t\t\t\t<\/div>\n\t\t\t\t<\/div>\n\t\t<div class=\"elementor-element elementor-element-58fcd93f e-con-full e-flex e-con e-child\" data-id=\"58fcd93f\" data-element_type=\"container\">\n\t\t<div class=\"elementor-element elementor-element-50aadded e-con-full e-flex e-con e-child\" data-id=\"50aadded\" data-element_type=\"container\">\n\t\t\t\t<div class=\"elementor-element elementor-element-61e959d7 elementor-widget elementor-widget-text-editor\" data-id=\"61e959d7\" data-element_type=\"widget\" data-widget_type=\"text-editor.default\">\n\t\t\t\t<div class=\"elementor-widget-container\">\n\t\t\t\t\t\t\t\t\t<ul><li>D150L (Capacity 150 liters)\u200b<\/li><li>D100L (Capacity 100 liters)\u200b<\/li><li>D50L (Capacity 50 liters)\u200b<\/li><\/ul>\t\t\t\t\t\t\t\t<\/div>\n\t\t\t\t<\/div>\n\t\t\t\t<\/div>\n\t\t\t\t<\/div>\n\t\t<div class=\"elementor-element elementor-element-d8da409 e-con-full e-flex e-con e-child\" data-id=\"d8da409\" data-element_type=\"container\">\n\t\t\t\t<div class=\"elementor-element elementor-element-36c978c4 elementor-widget elementor-widget-heading\" data-id=\"36c978c4\" data-element_type=\"widget\" data-widget_type=\"heading.default\">\n\t\t\t\t<div class=\"elementor-widget-container\">\n\t\t\t\t\t<p class=\"elementor-heading-title elementor-size-default\">FEATURES:<\/p>\t\t\t\t<\/div>\n\t\t\t\t<\/div>\n\t\t\t\t<\/div>\n\t\t<div class=\"elementor-element elementor-element-7700847d e-con-full e-flex e-con e-child\" data-id=\"7700847d\" data-element_type=\"container\">\n\t\t<div class=\"elementor-element elementor-element-7a557fd8 e-con-full e-flex e-con e-child\" data-id=\"7a557fd8\" data-element_type=\"container\">\n\t\t\t\t<div class=\"elementor-element elementor-element-59354068 elementor-widget elementor-widget-text-editor\" data-id=\"59354068\" data-element_type=\"widget\" data-widget_type=\"text-editor.default\">\n\t\t\t\t<div class=\"elementor-widget-container\">\n\t\t\t\t\t\t\t\t\t<ul><li>Stainless steel\/steel material<\/li><li>Loading via sacks<\/li><li>Top access<\/li><li>Filling level viewer<\/li><\/ul>\t\t\t\t\t\t\t\t<\/div>\n\t\t\t\t<\/div>\n\t\t\t\t<\/div>\n\t\t<div class=\"elementor-element elementor-element-5a006b77 e-con-full e-flex e-con e-child\" data-id=\"5a006b77\" data-element_type=\"container\">\n\t\t\t\t<div class=\"elementor-element elementor-element-568b7986 elementor-widget elementor-widget-text-editor\" data-id=\"568b7986\" data-element_type=\"widget\" data-widget_type=\"text-editor.default\">\n\t\t\t\t<div class=\"elementor-widget-container\">\n\t\t\t\t\t\t\t\t\t<ul><li>Total emptying<\/li><li>Bottom material discharge<\/li><li>Easy cleaning<\/li><li>Includes wheels<\/li><\/ul>\t\t\t\t\t\t\t\t<\/div>\n\t\t\t\t<\/div>\n\t\t\t\t<\/div>\n\t\t\t\t<\/div>\n\t\t<div class=\"elementor-element elementor-element-3f0549e7 e-con-full e-flex e-con e-child\" data-id=\"3f0549e7\" data-element_type=\"container\">\n\t\t\t\t<div class=\"elementor-element elementor-element-457653e1 elementor-widget elementor-widget-text-editor\" data-id=\"457653e1\" data-element_type=\"widget\" data-widget_type=\"text-editor.default\">\n\t\t\t\t<div class=\"elementor-widget-container\">\n\t\t\t\t\t\t\t\t\t<p><strong>\u200bPLANIMETRY:<\/strong><\/p>\t\t\t\t\t\t\t\t<\/div>\n\t\t\t\t<\/div>\n\t\t\t\t<\/div>\n\t\t\t\t<div class=\"elementor-element elementor-element-2a6b63a3 elementor-widget elementor-widget-image\" data-id=\"2a6b63a3\" data-element_type=\"widget\" data-widget_type=\"image.default\">\n\t\t\t\t<div class=\"elementor-widget-container\">\n\t\t\t\t\t\t\t\t\t\t\t\t\t\t\t\t<a href=\"https:\/\/solutions.salvadorextremiana.com\/wp-content\/uploads\/2024\/12\/Recurso-11.jpg\" data-elementor-open-lightbox=\"yes\" data-elementor-lightbox-title=\"Recurso 11\" data-e-action-hash=\"#elementor-action%3Aaction%3Dlightbox%26settings%3DeyJpZCI6NDIzLCJ1cmwiOiJodHRwczpcL1wvc29sdXRpb25zLnNhbHZhZG9yZXh0cmVtaWFuYS5jb21cL3dwLWNvbnRlbnRcL3VwbG9hZHNcLzIwMjRcLzEyXC9SZWN1cnNvLTExLmpwZyJ9\">\n\t\t\t\t\t\t\t<img decoding=\"async\" src=\"https:\/\/solutions.salvadorextremiana.com\/wp-content\/uploads\/elementor\/thumbs\/Recurso-11-qyn44w97fjcz832qqxfu5l8ygohnay7cqh24tbogr0.jpg\" title=\"Recurso 11\" alt=\"Planimetria deposito\" loading=\"lazy\" \/>\t\t\t\t\t\t\t\t<\/a>\n\t\t\t\t\t\t\t\t\t\t\t\t\t\t\t<\/div>\n\t\t\t\t<\/div>\n\t\t\t\t<\/div>\n\t\t\t\t<\/div>\n\t\t\t\t\t<\/div>\n\t\t\t\t<\/div>\n\t\t\t\t<\/div>","protected":false},"excerpt":{"rendered":"<p>Dep\u00f3sitos Dep\u00f3sito Dep\u00f3sito auxiliar para materia prima o colorante. REFERENCIAS: D150L (Capacidad 150 litros) D100L (Capacidad 100 litros) D50L (Capacidad [&hellip;]<\/p>","protected":false},"author":1,"featured_media":0,"parent":0,"menu_order":0,"comment_status":"closed","ping_status":"closed","template":"","meta":{"_uag_custom_page_level_css":"","site-sidebar-layout":"no-sidebar","site-content-layout":"","ast-site-content-layout":"full-width-container","site-content-style":"default","site-sidebar-style":"default","ast-global-header-display":"","ast-banner-title-visibility":"","ast-main-header-display":"","ast-hfb-above-header-display":"","ast-hfb-below-header-display":"","ast-hfb-mobile-header-display":"","site-post-title":"disabled","ast-breadcrumbs-content":"","ast-featured-img":"disabled","footer-sml-layout":"","theme-transparent-header-meta":"enabled","adv-header-id-meta":"","stick-header-meta":"","header-above-stick-meta":"","header-main-stick-meta":"","header-below-stick-meta":"","astra-migrate-meta-layouts":"default","ast-page-background-enabled":"default","ast-page-background-meta":{"desktop":{"background-color":"var(--ast-global-color-4)","background-image":"","background-repeat":"repeat","background-position":"center center","background-size":"auto","background-attachment":"scroll","background-type":"","background-media":"","overlay-type":"","overlay-color":"","overlay-opacity":"","overlay-gradient":""},"tablet":{"background-color":"","background-image":"","background-repeat":"repeat","background-position":"center center","background-size":"auto","background-attachment":"scroll","background-type":"","background-media":"","overlay-type":"","overlay-color":"","overlay-opacity":"","overlay-gradient":""},"mobile":{"background-color":"","background-image":"","background-repeat":"repeat","background-position":"center center","background-size":"auto","background-attachment":"scroll","background-type":"","background-media":"","overlay-type":"","overlay-color":"","overlay-opacity":"","overlay-gradient":""}},"ast-content-background-meta":{"desktop":{"background-color":"var(--ast-global-color-5)","background-image":"","background-repeat":"repeat","background-position":"center center","background-size":"auto","background-attachment":"scroll","background-type":"","background-media":"","overlay-type":"","overlay-color":"","overlay-opacity":"","overlay-gradient":""},"tablet":{"background-color":"var(--ast-global-color-5)","background-image":"","background-repeat":"repeat","background-position":"center center","background-size":"auto","background-attachment":"scroll","background-type":"","background-media":"","overlay-type":"","overlay-color":"","overlay-opacity":"","overlay-gradient":""},"mobile":{"background-color":"var(--ast-global-color-5)","background-image":"","background-repeat":"repeat","background-position":"center center","background-size":"auto","background-attachment":"scroll","background-type":"","background-media":"","overlay-type":"","overlay-color":"","overlay-opacity":"","overlay-gradient":""}},"footnotes":""},"class_list":["post-416","page","type-page","status-publish","hentry"],"yoast_head":"<!-- This site is optimized with the Yoast SEO plugin v24.6 - https:\/\/yoast.com\/wordpress\/plugins\/seo\/ -->\n<title>Dep\u00f3sitos - Salex solutions<\/title>\n<meta name=\"robots\" content=\"index, follow, max-snippet:-1, max-image-preview:large, max-video-preview:-1\" \/>\n<link rel=\"canonical\" href=\"https:\/\/solutions.salvadorextremiana.com\/en\/depositos\/\" \/>\n<meta property=\"og:locale\" content=\"en_GB\" \/>\n<meta property=\"og:type\" content=\"article\" \/>\n<meta property=\"og:title\" content=\"Dep\u00f3sitos - Salex solutions\" \/>\n<meta property=\"og:description\" content=\"Dep\u00f3sitos Dep\u00f3sito Dep\u00f3sito auxiliar para materia prima o colorante. REFERENCIAS: D150L (Capacidad 150 litros) D100L (Capacidad 100 litros) D50L (Capacidad [&hellip;]\" \/>\n<meta property=\"og:url\" content=\"https:\/\/solutions.salvadorextremiana.com\/en\/depositos\/\" \/>\n<meta property=\"og:site_name\" content=\"Salex solutions\" \/>\n<meta property=\"article:modified_time\" content=\"2024-12-19T08:28:16+00:00\" \/>\n<meta property=\"og:image\" content=\"https:\/\/solutions.salvadorextremiana.com\/wp-content\/uploads\/2024\/12\/DEPOSITOS-1.png\" \/>\n\t<meta property=\"og:image:width\" content=\"800\" \/>\n\t<meta property=\"og:image:height\" content=\"800\" \/>\n\t<meta property=\"og:image:type\" content=\"image\/png\" \/>\n<meta name=\"twitter:card\" content=\"summary_large_image\" \/>\n<script type=\"application\/ld+json\" class=\"yoast-schema-graph\">{\"@context\":\"https:\/\/schema.org\",\"@graph\":[{\"@type\":\"WebPage\",\"@id\":\"https:\/\/solutions.salvadorextremiana.com\/depositos\/\",\"url\":\"https:\/\/solutions.salvadorextremiana.com\/depositos\/\",\"name\":\"Dep\u00f3sitos - Salex solutions\",\"isPartOf\":{\"@id\":\"https:\/\/solutions.salvadorextremiana.com\/#website\"},\"primaryImageOfPage\":{\"@id\":\"https:\/\/solutions.salvadorextremiana.com\/depositos\/#primaryimage\"},\"image\":{\"@id\":\"https:\/\/solutions.salvadorextremiana.com\/depositos\/#primaryimage\"},\"thumbnailUrl\":\"https:\/\/solutions.salvadorextremiana.com\/wp-content\/uploads\/2024\/12\/DEPOSITOS-1.png\",\"datePublished\":\"2024-12-17T12:36:45+00:00\",\"dateModified\":\"2024-12-19T08:28:16+00:00\",\"breadcrumb\":{\"@id\":\"https:\/\/solutions.salvadorextremiana.com\/depositos\/#breadcrumb\"},\"inLanguage\":\"en-GB\",\"potentialAction\":[{\"@type\":\"ReadAction\",\"target\":[\"https:\/\/solutions.salvadorextremiana.com\/depositos\/\"]}]},{\"@type\":\"ImageObject\",\"inLanguage\":\"en-GB\",\"@id\":\"https:\/\/solutions.salvadorextremiana.com\/depositos\/#primaryimage\",\"url\":\"https:\/\/solutions.salvadorextremiana.com\/wp-content\/uploads\/2024\/12\/DEPOSITOS-1.png\",\"contentUrl\":\"https:\/\/solutions.salvadorextremiana.com\/wp-content\/uploads\/2024\/12\/DEPOSITOS-1.png\"},{\"@type\":\"BreadcrumbList\",\"@id\":\"https:\/\/solutions.salvadorextremiana.com\/depositos\/#breadcrumb\",\"itemListElement\":[{\"@type\":\"ListItem\",\"position\":1,\"name\":\"Portada\",\"item\":\"https:\/\/solutions.salvadorextremiana.com\/\"},{\"@type\":\"ListItem\",\"position\":2,\"name\":\"Dep\u00f3sitos\"}]},{\"@type\":\"WebSite\",\"@id\":\"https:\/\/solutions.salvadorextremiana.com\/#website\",\"url\":\"https:\/\/solutions.salvadorextremiana.com\/\",\"name\":\"Salex solutions\",\"description\":\"\",\"publisher\":{\"@id\":\"https:\/\/solutions.salvadorextremiana.com\/#organization\"},\"potentialAction\":[{\"@type\":\"SearchAction\",\"target\":{\"@type\":\"EntryPoint\",\"urlTemplate\":\"https:\/\/solutions.salvadorextremiana.com\/?s={search_term_string}\"},\"query-input\":{\"@type\":\"PropertyValueSpecification\",\"valueRequired\":true,\"valueName\":\"search_term_string\"}}],\"inLanguage\":\"en-GB\"},{\"@type\":\"Organization\",\"@id\":\"https:\/\/solutions.salvadorextremiana.com\/#organization\",\"name\":\"Salex solutions\",\"url\":\"https:\/\/solutions.salvadorextremiana.com\/\",\"logo\":{\"@type\":\"ImageObject\",\"inLanguage\":\"en-GB\",\"@id\":\"https:\/\/solutions.salvadorextremiana.com\/#\/schema\/logo\/image\/\",\"url\":\"https:\/\/solutions.salvadorextremiana.com\/wp-content\/uploads\/2024\/12\/cropped-logo-blanco.png\",\"contentUrl\":\"https:\/\/solutions.salvadorextremiana.com\/wp-content\/uploads\/2024\/12\/cropped-logo-blanco.png\",\"width\":241,\"height\":169,\"caption\":\"Salex solutions\"},\"image\":{\"@id\":\"https:\/\/solutions.salvadorextremiana.com\/#\/schema\/logo\/image\/\"}}]}<\/script>\n<!-- \/ Yoast SEO plugin. -->","yoast_head_json":{"title":"Dep\u00f3sitos - Salex solutions","robots":{"index":"index","follow":"follow","max-snippet":"max-snippet:-1","max-image-preview":"max-image-preview:large","max-video-preview":"max-video-preview:-1"},"canonical":"https:\/\/solutions.salvadorextremiana.com\/en\/depositos\/","og_locale":"en_GB","og_type":"article","og_title":"Dep\u00f3sitos - Salex solutions","og_description":"Dep\u00f3sitos Dep\u00f3sito Dep\u00f3sito auxiliar para materia prima o colorante. REFERENCIAS: D150L (Capacidad 150 litros) D100L (Capacidad 100 litros) D50L (Capacidad [&hellip;]","og_url":"https:\/\/solutions.salvadorextremiana.com\/en\/depositos\/","og_site_name":"Salex solutions","article_modified_time":"2024-12-19T08:28:16+00:00","og_image":[{"width":800,"height":800,"url":"https:\/\/solutions.salvadorextremiana.com\/wp-content\/uploads\/2024\/12\/DEPOSITOS-1.png","type":"image\/png"}],"twitter_card":"summary_large_image","schema":{"@context":"https:\/\/schema.org","@graph":[{"@type":"WebPage","@id":"https:\/\/solutions.salvadorextremiana.com\/depositos\/","url":"https:\/\/solutions.salvadorextremiana.com\/depositos\/","name":"Dep\u00f3sitos - Salex solutions","isPartOf":{"@id":"https:\/\/solutions.salvadorextremiana.com\/#website"},"primaryImageOfPage":{"@id":"https:\/\/solutions.salvadorextremiana.com\/depositos\/#primaryimage"},"image":{"@id":"https:\/\/solutions.salvadorextremiana.com\/depositos\/#primaryimage"},"thumbnailUrl":"https:\/\/solutions.salvadorextremiana.com\/wp-content\/uploads\/2024\/12\/DEPOSITOS-1.png","datePublished":"2024-12-17T12:36:45+00:00","dateModified":"2024-12-19T08:28:16+00:00","breadcrumb":{"@id":"https:\/\/solutions.salvadorextremiana.com\/depositos\/#breadcrumb"},"inLanguage":"en-GB","potentialAction":[{"@type":"ReadAction","target":["https:\/\/solutions.salvadorextremiana.com\/depositos\/"]}]},{"@type":"ImageObject","inLanguage":"en-GB","@id":"https:\/\/solutions.salvadorextremiana.com\/depositos\/#primaryimage","url":"https:\/\/solutions.salvadorextremiana.com\/wp-content\/uploads\/2024\/12\/DEPOSITOS-1.png","contentUrl":"https:\/\/solutions.salvadorextremiana.com\/wp-content\/uploads\/2024\/12\/DEPOSITOS-1.png"},{"@type":"BreadcrumbList","@id":"https:\/\/solutions.salvadorextremiana.com\/depositos\/#breadcrumb","itemListElement":[{"@type":"ListItem","position":1,"name":"Portada","item":"https:\/\/solutions.salvadorextremiana.com\/"},{"@type":"ListItem","position":2,"name":"Dep\u00f3sitos"}]},{"@type":"WebSite","@id":"https:\/\/solutions.salvadorextremiana.com\/#website","url":"https:\/\/solutions.salvadorextremiana.com\/","name":"Salex solutions","description":"","publisher":{"@id":"https:\/\/solutions.salvadorextremiana.com\/#organization"},"potentialAction":[{"@type":"SearchAction","target":{"@type":"EntryPoint","urlTemplate":"https:\/\/solutions.salvadorextremiana.com\/?s={search_term_string}"},"query-input":{"@type":"PropertyValueSpecification","valueRequired":true,"valueName":"search_term_string"}}],"inLanguage":"en-GB"},{"@type":"Organization","@id":"https:\/\/solutions.salvadorextremiana.com\/#organization","name":"Salex solutions","url":"https:\/\/solutions.salvadorextremiana.com\/","logo":{"@type":"ImageObject","inLanguage":"en-GB","@id":"https:\/\/solutions.salvadorextremiana.com\/#\/schema\/logo\/image\/","url":"https:\/\/solutions.salvadorextremiana.com\/wp-content\/uploads\/2024\/12\/cropped-logo-blanco.png","contentUrl":"https:\/\/solutions.salvadorextremiana.com\/wp-content\/uploads\/2024\/12\/cropped-logo-blanco.png","width":241,"height":169,"caption":"Salex solutions"},"image":{"@id":"https:\/\/solutions.salvadorextremiana.com\/#\/schema\/logo\/image\/"}}]}},"uagb_featured_image_src":{"full":false,"thumbnail":false,"medium":false,"medium_large":false,"large":false,"1536x1536":false,"2048x2048":false,"trp-custom-language-flag":false},"uagb_author_info":{"display_name":"admin","author_link":"https:\/\/solutions.salvadorextremiana.com\/en\/author\/admin_8owrvx90\/"},"uagb_comment_info":0,"uagb_excerpt":"Dep\u00f3sitos Dep\u00f3sito Dep\u00f3sito auxiliar para materia prima o colorante. REFERENCIAS: D150L (Capacidad 150 litros) D100L (Capacidad 100 litros) D50L (Capacidad [&hellip;]","_links":{"self":[{"href":"https:\/\/solutions.salvadorextremiana.com\/en\/wp-json\/wp\/v2\/pages\/416","targetHints":{"allow":["GET"]}}],"collection":[{"href":"https:\/\/solutions.salvadorextremiana.com\/en\/wp-json\/wp\/v2\/pages"}],"about":[{"href":"https:\/\/solutions.salvadorextremiana.com\/en\/wp-json\/wp\/v2\/types\/page"}],"author":[{"embeddable":true,"href":"https:\/\/solutions.salvadorextremiana.com\/en\/wp-json\/wp\/v2\/users\/1"}],"replies":[{"embeddable":true,"href":"https:\/\/solutions.salvadorextremiana.com\/en\/wp-json\/wp\/v2\/comments?post=416"}],"version-history":[{"count":13,"href":"https:\/\/solutions.salvadorextremiana.com\/en\/wp-json\/wp\/v2\/pages\/416\/revisions"}],"predecessor-version":[{"id":639,"href":"https:\/\/solutions.salvadorextremiana.com\/en\/wp-json\/wp\/v2\/pages\/416\/revisions\/639"}],"wp:attachment":[{"href":"https:\/\/solutions.salvadorextremiana.com\/en\/wp-json\/wp\/v2\/media?parent=416"}],"curies":[{"name":"wp","href":"https:\/\/api.w.org\/{rel}","templated":true}]}}